{"id":30978,"date":"2024-11-21T12:33:50","date_gmt":"2024-11-21T11:33:50","guid":{"rendered":"https:\/\/boerma.nl\/?post_type=product&#038;p=30978"},"modified":"2026-04-18T03:33:23","modified_gmt":"2026-04-18T01:33:23","slug":"texture-color-een-modulaire-masterclass-door-frederic-dupre","status":"publish","type":"product","link":"https:\/\/boerma.nl\/ja\/product\/texture-color-een-modulaire-masterclass-door-frederic-dupre\/","title":{"rendered":"Texture &#038; Color: Masterclass met Fr\u00e9d\u00e9ric Dupr\u00e9"},"content":{"rendered":"<div class=\"flex max-w-full flex-col flex-grow\">\n<div class=\"min-h-8 text-message flex w-full flex-col items-end gap-2 whitespace-normal break-words [.text-message+&amp;]:mt-5\" dir=\"auto\" data-message-author-role=\"assistant\" data-message-id=\"edc7c5f2-5a53-48b1-b521-677bcb842261\" data-message-model-slug=\"gpt-4o-mini\">\n<div class=\"flex w-full flex-col gap-1 empty:hidden first:pt-[3px]\">\n<div class=\"markdown prose w-full break-words dark:prose-invert light\">\n<h1 data-start=\"157\" data-end=\"222\"><strong data-start=\"159\" data-end=\"220\">Texture &amp; Color: 5-daagse Masterclass door Fr\u00e9d\u00e9ric Dupr\u00e9<\/strong><\/h1>\n<p data-start=\"224\" data-end=\"606\">Leer de kracht van <strong data-start=\"243\" data-end=\"263\">textuur en kleur<\/strong> in deze exclusieve <strong data-start=\"283\" data-end=\"307\">5-daagse Masterclass<\/strong> met de gerenommeerde Franse meesterbloemist <strong data-start=\"352\" data-end=\"370\">Fr\u00e9d\u00e9ric Dupr\u00e9<\/strong>. Tijdens deze intensieve week biedt Fr\u00e9d\u00e9ric zijn uitgebreide theorie en praktijk, waarmee je je floristische vaardigheden naar een hoger niveau tilt en een diepere waardering ontwikkelt voor de rol van textuur en kleur in bloemwerk.<\/p>\n<h3><strong>Over <a href=\"https:\/\/www.instagram.com\/fredericdupreflorist\/\">Fr\u00e9d\u00e9ric Dupr\u00e9<\/a><\/strong><\/h3>\n<p>Fr\u00e9d\u00e9ric Dupr\u00e9 is een meesterbloemist uit Frankrijk, bekend om zijn uitzonderlijke vaardigheid in het combineren van textuur en kleur. Hij heeft wereldwijd masterclasses gegeven en heeft talloze prijzen gewonnen, waaronder de prestigieuze \u201cBest Craftsman in France\u201d (MOF). Zijn werk wordt gekarakteriseerd door het gebruik van ongewone materialen en een diepe kennis van de basisprincipes van florale compositie. In deze masterclass deelt Fr\u00e9d\u00e9ric zijn persoonlijke benadering van textuur en kleur, waarmee hij de floristische wereld heeft be\u00efnvloed.<\/p>\n<figure id=\"attachment_29172\" aria-describedby=\"caption-attachment-29172\" style=\"width: 430px\" class=\"wp-caption alignnone\"><img loading=\"lazy\" decoding=\"async\" class=\"size-medium wp-image-29172\" src=\"https:\/\/boerma.nl\/wp-content\/uploads\/2023\/12\/370331430_1411443809802826_7315883335283337337_n-430x400.jpg\" alt=\"Texture Forward Wall Design by Fr\u00e9d\u00e9ric Dupr\u00e9\" width=\"430\" height=\"400\" srcset=\"https:\/\/boerma.nl\/wp-content\/uploads\/2023\/12\/370331430_1411443809802826_7315883335283337337_n-430x400.jpg 430w, https:\/\/boerma.nl\/wp-content\/uploads\/2023\/12\/370331430_1411443809802826_7315883335283337337_n-860x800.jpg 860w, https:\/\/boerma.nl\/wp-content\/uploads\/2023\/12\/370331430_1411443809802826_7315883335283337337_n-768x714.jpg 768w, https:\/\/boerma.nl\/wp-content\/uploads\/2023\/12\/370331430_1411443809802826_7315883335283337337_n-1536x1429.jpg 1536w, https:\/\/boerma.nl\/wp-content\/uploads\/2023\/12\/370331430_1411443809802826_7315883335283337337_n-510x474.jpg 510w, https:\/\/boerma.nl\/wp-content\/uploads\/2023\/12\/370331430_1411443809802826_7315883335283337337_n.jpg 1851w\" sizes=\"auto, (max-width: 430px) 100vw, 430px\" \/><figcaption id=\"caption-attachment-29172\" class=\"wp-caption-text\">Texture Forward Wall Design by Fr\u00e9d\u00e9ric Dupr\u00e9<\/figcaption><\/figure>\n<h2 data-start=\"1212\" data-end=\"1251\"><strong data-start=\"1215\" data-end=\"1249\">Wat leer je in de Masterclass?<\/strong><\/h2>\n<p data-start=\"1253\" data-end=\"1577\">Tijdens deze <strong data-start=\"1266\" data-end=\"1301\">5-daagse intensieve masterclass<\/strong> ontwikkel je diepgaande kennis en praktische vaardigheden op het gebied van textuur en kleur in bloemwerk. Je leert hoe je texturen effectief combineert om harmonie en diepte te cre\u00ebren, en hoe je kleuren optimaal toepast om emoties en sferen in je ontwerpen te versterken.<\/p>\n<p data-start=\"1579\" data-end=\"1784\">Fr\u00e9d\u00e9ric laat zien hoe je botanische \u00e9n niet-botanische materialen kunt gebruiken, hoe je kleur en textuur samenbrengt en hoe je bloemstukken maakt die zowel visueel verbluffend als technisch sterk zijn.<\/p>\n<h3 data-start=\"104\" data-end=\"155\"><strong data-start=\"108\" data-end=\"153\">Texture &amp; Color \u2013 29 juni t\/m 3 juli 2026<\/strong><\/h3>\n<p data-start=\"157\" data-end=\"621\">Tijdens deze 5-daagse masterclass leer je hoe je <strong data-start=\"206\" data-end=\"247\">textuur en kleur effectief combineert<\/strong> om harmonie, diepte en emotie in je bloemstukken te cre\u00ebren. De eerste dagen staan in het teken van <strong data-start=\"348\" data-end=\"359\">textuur<\/strong>: Fr\u00e9d\u00e9ric laat zien hoe je botanische en niet-botanische materialen kunt gebruiken om zowel visuele als tactiele texturen te ontwikkelen. Textuur vormt de basis van elk ontwerp en helpt je bloemwerk aanzienlijk te verfijnen en naar een hoger niveau te tillen.<\/p>\n<p data-start=\"623\" data-end=\"1148\">De laatste dagen focussen op <strong data-start=\"652\" data-end=\"661\">kleur<\/strong>: je leert alles over kleurtheorie en de toepassing ervan in bloemwerk. Kleur is de eerste visuele indruk van een bloemstuk en heeft de kracht om emoties en sferen te cre\u00ebren. Fr\u00e9d\u00e9ric leert je hoe je kleuren effectief combineert, de juiste harmonie vindt tussen verschillende kleurenfamilies en hoe textuur de impact van kleur kan versterken. Door deze combinatie ontwikkel je een sterkere artistieke visie en cre\u00eber je bloemstukken die zowel technisch als visueel indrukwekkend zijn.<\/p>\n<figure id=\"attachment_32000\" aria-describedby=\"caption-attachment-32000\" style=\"width: 393px\" class=\"wp-caption alignnone\"><img loading=\"lazy\" decoding=\"async\" class=\" wp-image-32000\" src=\"https:\/\/boerma.nl\/wp-content\/uploads\/2024\/11\/2024_Frederic_Dupre_Monochrome_Insta_Size_2_logo-320x400.jpg\" alt=\"Monochrome design by Fr\u00e9d\u00e9ric Dupr\u00e9 made during the Color Program\" width=\"393\" height=\"491\" srcset=\"https:\/\/boerma.nl\/wp-content\/uploads\/2024\/11\/2024_Frederic_Dupre_Monochrome_Insta_Size_2_logo-320x400.jpg 320w, https:\/\/boerma.nl\/wp-content\/uploads\/2024\/11\/2024_Frederic_Dupre_Monochrome_Insta_Size_2_logo-640x800.jpg 640w, https:\/\/boerma.nl\/wp-content\/uploads\/2024\/11\/2024_Frederic_Dupre_Monochrome_Insta_Size_2_logo-768x960.jpg 768w, https:\/\/boerma.nl\/wp-content\/uploads\/2024\/11\/2024_Frederic_Dupre_Monochrome_Insta_Size_2_logo-510x638.jpg 510w, https:\/\/boerma.nl\/wp-content\/uploads\/2024\/11\/2024_Frederic_Dupre_Monochrome_Insta_Size_2_logo.jpg 1080w\" sizes=\"auto, (max-width: 393px) 100vw, 393px\" \/><figcaption id=\"caption-attachment-32000\" class=\"wp-caption-text\">Monochrome design by Fr\u00e9d\u00e9ric Dupr\u00e9 made during the Color Program<\/figcaption><\/figure>\n<h3><strong>De Synergie Tussen Textuur en Kleur<\/strong><\/h3>\n<p>Op de laatste dag van de Kleur Module komt alles samen. Je leert hoe de kennis van textuur en kleur samenwerkt om een cohesief en visueel verbluffend ontwerp te cre\u00ebren. Deze masterclass biedt een unieke kans om deze twee krachtige elementen van florale compositie te beheersen.<\/p>\n<h2 data-start=\"2072\" data-end=\"2102\"><strong data-start=\"2075\" data-end=\"2100\">Praktische informatie<\/strong><\/h2>\n<p data-start=\"2104\" data-end=\"2213\"><strong data-start=\"2104\" data-end=\"2119\">Cursusdata:<\/strong> 29 juni t\/m 3 juli 2026<br data-start=\"2143\" data-end=\"2146\" \/><strong data-start=\"2146\" data-end=\"2161\">Cursusduur:<\/strong> 5 dagen, van 09:00 tot 17:00 (maximaal tot 18:30)<\/p>\n<p data-start=\"2215\" data-end=\"2236\"><strong data-start=\"2215\" data-end=\"2225\">Prijs:<\/strong> \u20ac1.450,-<\/p>\n<p data-start=\"2238\" data-end=\"2255\"><strong data-start=\"2238\" data-end=\"2253\">Inbegrepen:<\/strong><\/p>\n<ul data-start=\"2256\" data-end=\"2424\">\n<li data-start=\"2256\" data-end=\"2320\">\n<p data-start=\"2258\" data-end=\"2320\">Alle benodigde materialen voor het maken van de bloemstukken<\/p>\n<\/li>\n<li data-start=\"2321\" data-end=\"2364\">\n<p data-start=\"2323\" data-end=\"2364\">Koffie, thee en lunch tijdens de pauzes<\/p>\n<\/li>\n<li data-start=\"2365\" data-end=\"2424\">\n<p data-start=\"2367\" data-end=\"2424\">Boerma Instituut certificaat van deelname in het Engels<\/p>\n<\/li>\n<\/ul>\n<p data-start=\"2426\" data-end=\"2448\"><strong data-start=\"2426\" data-end=\"2446\">Niet inbegrepen:<\/strong><\/p>\n<ul>\n<li>Gereedschap, breng je eigen snoeischaar, bloemenmes en draadkniptang mee, te koop bij ons in de <a href=\"https:\/\/floraldesignsupplies.nl\/\">webshop<\/a>.<\/li>\n<li>Reiskosten en verblijfskosten<\/li>\n<\/ul>\n<h3><strong>Voor Wie is Deze Masterclass Geschikt?<\/strong><\/h3>\n<p>Deze masterclass is geschikt voor bloemisten die al een goede basiskennis van bloemwerk hebben en hun vaardigheden willen verdiepen. We raden aan om minstens de Basisopleiding Bloemschikken (Level 1) te hebben afgerond voordat je deelneemt aan deze gevorderde masterclass.<\/p>\n<h2 data-start=\"2592\" data-end=\"2618\"><strong data-start=\"2595\" data-end=\"2616\">Waarom deelnemen?<\/strong><\/h2>\n<ul data-start=\"2620\" data-end=\"2969\">\n<li data-start=\"2620\" data-end=\"2670\">\n<p data-start=\"2622\" data-end=\"2670\">Leer van een van de beste floristen ter wereld<\/p>\n<\/li>\n<li data-start=\"2620\" data-end=\"2670\">\n<p data-start=\"2622\" data-end=\"2670\">Versterk je artistieke visie door de combinatie van textuur en kleur<\/p>\n<\/li>\n<li data-start=\"2744\" data-end=\"2817\">\n<p data-start=\"2746\" data-end=\"2817\">Ontwikkel technieken die direct toepasbaar zijn in je eigen bloemwerk<\/p>\n<\/li>\n<li data-start=\"2818\" data-end=\"2893\">\n<p data-start=\"2820\" data-end=\"2893\">Ontvang persoonlijke begeleiding en unieke inzichten van Fr\u00e9d\u00e9ric Dupr\u00e9<\/p>\n<\/li>\n<li data-start=\"2894\" data-end=\"2969\">Cre\u00eber indrukwekkende bloemcreaties die visueel en technisch uitblinken<\/li>\n<\/ul>\n<h2 data-start=\"2976\" data-end=\"3002\"><strong data-start=\"2979\" data-end=\"3000\">Schrijf je nu in!<\/strong><\/h2>\n<p data-start=\"3004\" data-end=\"3146\">Schrijf je in voor de <strong data-start=\"3026\" data-end=\"3066\">5-daagse Texture &amp; Color Masterclass<\/strong> van Fr\u00e9d\u00e9ric Dupr\u00e9 en til je floristische vaardigheden naar een hoger niveau!<\/p>\n<\/div>\n<\/div>\n<\/div>\n<\/div>\n","protected":false},"excerpt":{"rendered":"<p data-start=\"162\" data-end=\"344\">Volg de <strong data-start=\"170\" data-end=\"212\">5-daagse Masterclass &#8216;Texture &amp; Color&#8217;<\/strong> met Fr\u00e9d\u00e9ric Dupr\u00e9 en leer de geheimen van textuur en kleur in bloemwerk. Til je floristische vaardigheden naar een hoger niveau!<\/p>\n<p data-start=\"346\" data-end=\"742\"><strong data-start=\"346\" data-end=\"374\">Belangrijkste kenmerken:<\/strong><br data-start=\"374\" data-end=\"377\" \/>\u2705 Leer van een Meester: Instructies van Fr\u00e9d\u00e9ric Dupr\u00e9, internationaal bekroonde meesterbloemist.<br data-start=\"204\" data-end=\"207\" \/>\u2705 Textuur &amp; Kleur: Diepgaande focus op het combineren van texturen en toepassen van kleurtheorie.<br data-start=\"304\" data-end=\"307\" data-is-only-node=\"\" \/>\u2705 Voor Ervaren Bloemisten: Ideaal voor bloemisten met basiskennis van het vak.<br data-start=\"385\" data-end=\"388\" \/>\u2705 All-Inclusive: Alle materialen, lunch en koffie\/thee inbegrepen.<\/p>\n","protected":false},"featured_media":26393,"comment_status":"open","ping_status":"closed","template":"","meta":{"jetpack_post_was_ever_published":false,"jetpack_publicize_message":"","jetpack_publicize_feature_enabled":true,"jetpack_social_post_already_shared":true,"jetpack_social_options":{"image_generator_settings":{"template":"highway","default_image_id":0,"font":"","enabled":false},"version":2}},"product_brand":[],"product_cat":[118,1048,1053],"product_tag":[],"class_list":{"0":"post-30978","1":"product","2":"type-product","3":"status-publish","4":"has-post-thumbnail","6":"product_cat-cursussen-bloemschikken","7":"product_cat-exclusieve-cursussen","8":"product_cat-master-classes","10":"first","11":"instock","12":"purchasable","13":"product-type-variable"},"yoast_head":"<!-- This site is optimized with the Yoast SEO plugin v27.4 - https:\/\/yoast.com\/product\/yoast-seo-wordpress\/ -->\n<title>Texture &amp; Color: Masterclass met Fr\u00e9d\u00e9ric Dupr\u00e9 - Floral Design: Flower Arranging Courses in Holland<\/title>\n<meta name=\"description\" content=\"Ontdek de 5-daagse Texture &amp; Color Masterclass van Fr\u00e9d\u00e9ric Dupr\u00e9 en til je floristische vaardigheden in textuur en kleur naar een hoger niveau.\" \/>\n<meta name=\"robots\" content=\"index, follow, max-snippet:-1, max-image-preview:large, max-video-preview:-1\" \/>\n<link rel=\"canonical\" href=\"https:\/\/boerma.nl\/ja\/product\/texture-color-een-modulaire-masterclass-door-frederic-dupre\/\" \/>\n<meta property=\"og:locale\" content=\"ja_JP\" \/>\n<meta property=\"og:type\" content=\"article\" \/>\n<meta property=\"og:title\" content=\"Texture &amp; Color: Masterclass met Fr\u00e9d\u00e9ric Dupr\u00e9 - Floral Design: Flower Arranging Courses in Holland\" \/>\n<meta property=\"og:description\" content=\"Ontdek de 5-daagse Texture &amp; Color Masterclass van Fr\u00e9d\u00e9ric Dupr\u00e9 en til je floristische vaardigheden in textuur en kleur naar een hoger niveau.\" \/>\n<meta property=\"og:url\" content=\"https:\/\/boerma.nl\/ja\/product\/texture-color-een-modulaire-masterclass-door-frederic-dupre\/\" \/>\n<meta property=\"og:site_name\" content=\"Floral Design: Flower Arranging Courses in Holland\" \/>\n<meta property=\"article:modified_time\" content=\"2026-04-18T01:33:23+00:00\" \/>\n<meta property=\"og:image\" content=\"https:\/\/boerma.nl\/wp-content\/uploads\/2022\/12\/2021_Frederic_Form_Linear.jpg\" \/>\n\t<meta property=\"og:image:width\" content=\"1092\" \/>\n\t<meta property=\"og:image:height\" content=\"1080\" \/>\n\t<meta property=\"og:image:type\" content=\"image\/jpeg\" \/>\n<meta name=\"twitter:card\" content=\"summary_large_image\" \/>\n<meta name=\"twitter:label1\" content=\"\u63a8\u5b9a\u8aad\u307f\u53d6\u308a\u6642\u9593\" \/>\n\t<meta name=\"twitter:data1\" content=\"4\u5206\" \/>\n<script type=\"application\/ld+json\" class=\"yoast-schema-graph\">{\"@context\":\"https:\\\/\\\/schema.org\",\"@graph\":[{\"@type\":\"WebPage\",\"@id\":\"https:\\\/\\\/boerma.nl\\\/ja\\\/product\\\/texture-color-een-modulaire-masterclass-door-frederic-dupre\\\/\",\"url\":\"https:\\\/\\\/boerma.nl\\\/ja\\\/product\\\/texture-color-een-modulaire-masterclass-door-frederic-dupre\\\/\",\"name\":\"Texture & Color: Masterclass met Fr\u00e9d\u00e9ric Dupr\u00e9 - Floral Design: Flower Arranging Courses in Holland\",\"isPartOf\":{\"@id\":\"https:\\\/\\\/boerma.nl\\\/ja\\\/#website\"},\"primaryImageOfPage\":{\"@id\":\"https:\\\/\\\/boerma.nl\\\/ja\\\/product\\\/texture-color-een-modulaire-masterclass-door-frederic-dupre\\\/#primaryimage\"},\"image\":{\"@id\":\"https:\\\/\\\/boerma.nl\\\/ja\\\/product\\\/texture-color-een-modulaire-masterclass-door-frederic-dupre\\\/#primaryimage\"},\"thumbnailUrl\":\"https:\\\/\\\/boerma.nl\\\/wp-content\\\/uploads\\\/2022\\\/12\\\/2021_Frederic_Form_Linear.jpg\",\"datePublished\":\"2024-11-21T11:33:50+00:00\",\"dateModified\":\"2026-04-18T01:33:23+00:00\",\"description\":\"Ontdek de 5-daagse Texture & Color Masterclass van Fr\u00e9d\u00e9ric Dupr\u00e9 en til je floristische vaardigheden in textuur en kleur naar een hoger niveau.\",\"breadcrumb\":{\"@id\":\"https:\\\/\\\/boerma.nl\\\/ja\\\/product\\\/texture-color-een-modulaire-masterclass-door-frederic-dupre\\\/#breadcrumb\"},\"inLanguage\":\"ja\",\"potentialAction\":[{\"@type\":\"ReadAction\",\"target\":[\"https:\\\/\\\/boerma.nl\\\/ja\\\/product\\\/texture-color-een-modulaire-masterclass-door-frederic-dupre\\\/\"]}]},{\"@type\":\"ImageObject\",\"inLanguage\":\"ja\",\"@id\":\"https:\\\/\\\/boerma.nl\\\/ja\\\/product\\\/texture-color-een-modulaire-masterclass-door-frederic-dupre\\\/#primaryimage\",\"url\":\"https:\\\/\\\/boerma.nl\\\/wp-content\\\/uploads\\\/2022\\\/12\\\/2021_Frederic_Form_Linear.jpg\",\"contentUrl\":\"https:\\\/\\\/boerma.nl\\\/wp-content\\\/uploads\\\/2022\\\/12\\\/2021_Frederic_Form_Linear.jpg\",\"width\":1092,\"height\":1080,\"caption\":\"Master Class by Frederic Dupre\"},{\"@type\":\"BreadcrumbList\",\"@id\":\"https:\\\/\\\/boerma.nl\\\/ja\\\/product\\\/texture-color-een-modulaire-masterclass-door-frederic-dupre\\\/#breadcrumb\",\"itemListElement\":[{\"@type\":\"ListItem\",\"position\":1,\"name\":\"Home\",\"item\":\"https:\\\/\\\/boerma.nl\\\/ja\\\/\"},{\"@type\":\"ListItem\",\"position\":2,\"name\":\"\u5546\u54c1\",\"item\":\"https:\\\/\\\/boerma.nl\\\/ja\\\/shop\\\/\"},{\"@type\":\"ListItem\",\"position\":3,\"name\":\"Texture &#038; Color: Masterclass met Fr\u00e9d\u00e9ric Dupr\u00e9\"}]},{\"@type\":\"WebSite\",\"@id\":\"https:\\\/\\\/boerma.nl\\\/ja\\\/#website\",\"url\":\"https:\\\/\\\/boerma.nl\\\/ja\\\/\",\"name\":\"Floral Design: Flower Arranging Courses in Holland\",\"description\":\"Boerma Instituut is a Floral Design School teaching European &amp; Dutch style Flower Arranging close to Amsterdam\",\"potentialAction\":[{\"@type\":\"SearchAction\",\"target\":{\"@type\":\"EntryPoint\",\"urlTemplate\":\"https:\\\/\\\/boerma.nl\\\/ja\\\/?s={search_term_string}\"},\"query-input\":{\"@type\":\"PropertyValueSpecification\",\"valueRequired\":true,\"valueName\":\"search_term_string\"}}],\"inLanguage\":\"ja\"}]}<\/script>\n<!-- \/ Yoast SEO plugin. -->","yoast_head_json":{"title":"Texture & Color: Masterclass met Fr\u00e9d\u00e9ric Dupr\u00e9 - Floral Design: Flower Arranging Courses in Holland","description":"Ontdek de 5-daagse Texture & Color Masterclass van Fr\u00e9d\u00e9ric Dupr\u00e9 en til je floristische vaardigheden in textuur en kleur naar een hoger niveau.","robots":{"index":"index","follow":"follow","max-snippet":"max-snippet:-1","max-image-preview":"max-image-preview:large","max-video-preview":"max-video-preview:-1"},"canonical":"https:\/\/boerma.nl\/ja\/product\/texture-color-een-modulaire-masterclass-door-frederic-dupre\/","og_locale":"ja_JP","og_type":"article","og_title":"Texture & Color: Masterclass met Fr\u00e9d\u00e9ric Dupr\u00e9 - Floral Design: Flower Arranging Courses in Holland","og_description":"Ontdek de 5-daagse Texture & Color Masterclass van Fr\u00e9d\u00e9ric Dupr\u00e9 en til je floristische vaardigheden in textuur en kleur naar een hoger niveau.","og_url":"https:\/\/boerma.nl\/ja\/product\/texture-color-een-modulaire-masterclass-door-frederic-dupre\/","og_site_name":"Floral Design: Flower Arranging Courses in Holland","article_modified_time":"2026-04-18T01:33:23+00:00","og_image":[{"width":1092,"height":1080,"url":"https:\/\/boerma.nl\/wp-content\/uploads\/2022\/12\/2021_Frederic_Form_Linear.jpg","type":"image\/jpeg"}],"twitter_card":"summary_large_image","twitter_misc":{"\u63a8\u5b9a\u8aad\u307f\u53d6\u308a\u6642\u9593":"4\u5206"},"schema":{"@context":"https:\/\/schema.org","@graph":[{"@type":"WebPage","@id":"https:\/\/boerma.nl\/ja\/product\/texture-color-een-modulaire-masterclass-door-frederic-dupre\/","url":"https:\/\/boerma.nl\/ja\/product\/texture-color-een-modulaire-masterclass-door-frederic-dupre\/","name":"Texture & Color: Masterclass met Fr\u00e9d\u00e9ric Dupr\u00e9 - Floral Design: Flower Arranging Courses in Holland","isPartOf":{"@id":"https:\/\/boerma.nl\/ja\/#website"},"primaryImageOfPage":{"@id":"https:\/\/boerma.nl\/ja\/product\/texture-color-een-modulaire-masterclass-door-frederic-dupre\/#primaryimage"},"image":{"@id":"https:\/\/boerma.nl\/ja\/product\/texture-color-een-modulaire-masterclass-door-frederic-dupre\/#primaryimage"},"thumbnailUrl":"https:\/\/boerma.nl\/wp-content\/uploads\/2022\/12\/2021_Frederic_Form_Linear.jpg","datePublished":"2024-11-21T11:33:50+00:00","dateModified":"2026-04-18T01:33:23+00:00","description":"Ontdek de 5-daagse Texture & Color Masterclass van Fr\u00e9d\u00e9ric Dupr\u00e9 en til je floristische vaardigheden in textuur en kleur naar een hoger niveau.","breadcrumb":{"@id":"https:\/\/boerma.nl\/ja\/product\/texture-color-een-modulaire-masterclass-door-frederic-dupre\/#breadcrumb"},"inLanguage":"ja","potentialAction":[{"@type":"ReadAction","target":["https:\/\/boerma.nl\/ja\/product\/texture-color-een-modulaire-masterclass-door-frederic-dupre\/"]}]},{"@type":"ImageObject","inLanguage":"ja","@id":"https:\/\/boerma.nl\/ja\/product\/texture-color-een-modulaire-masterclass-door-frederic-dupre\/#primaryimage","url":"https:\/\/boerma.nl\/wp-content\/uploads\/2022\/12\/2021_Frederic_Form_Linear.jpg","contentUrl":"https:\/\/boerma.nl\/wp-content\/uploads\/2022\/12\/2021_Frederic_Form_Linear.jpg","width":1092,"height":1080,"caption":"Master Class by Frederic Dupre"},{"@type":"BreadcrumbList","@id":"https:\/\/boerma.nl\/ja\/product\/texture-color-een-modulaire-masterclass-door-frederic-dupre\/#breadcrumb","itemListElement":[{"@type":"ListItem","position":1,"name":"Home","item":"https:\/\/boerma.nl\/ja\/"},{"@type":"ListItem","position":2,"name":"\u5546\u54c1","item":"https:\/\/boerma.nl\/ja\/shop\/"},{"@type":"ListItem","position":3,"name":"Texture &#038; Color: Masterclass met Fr\u00e9d\u00e9ric Dupr\u00e9"}]},{"@type":"WebSite","@id":"https:\/\/boerma.nl\/ja\/#website","url":"https:\/\/boerma.nl\/ja\/","name":"Floral Design: Flower Arranging Courses in Holland","description":"Boerma Instituut is a Floral Design School teaching European &amp; Dutch style Flower Arranging close to Amsterdam","potentialAction":[{"@type":"SearchAction","target":{"@type":"EntryPoint","urlTemplate":"https:\/\/boerma.nl\/ja\/?s={search_term_string}"},"query-input":{"@type":"PropertyValueSpecification","valueRequired":true,"valueName":"search_term_string"}}],"inLanguage":"ja"}]}},"jetpack_publicize_connections":[],"jetpack_sharing_enabled":true,"_links":{"self":[{"href":"https:\/\/boerma.nl\/ja\/wp-json\/wp\/v2\/product\/30978","targetHints":{"allow":["GET"]}}],"collection":[{"href":"https:\/\/boerma.nl\/ja\/wp-json\/wp\/v2\/product"}],"about":[{"href":"https:\/\/boerma.nl\/ja\/wp-json\/wp\/v2\/types\/product"}],"replies":[{"embeddable":true,"href":"https:\/\/boerma.nl\/ja\/wp-json\/wp\/v2\/comments?post=30978"}],"wp:featuredmedia":[{"embeddable":true,"href":"https:\/\/boerma.nl\/ja\/wp-json\/wp\/v2\/media\/26393"}],"wp:attachment":[{"href":"https:\/\/boerma.nl\/ja\/wp-json\/wp\/v2\/media?parent=30978"}],"wp:term":[{"taxonomy":"product_brand","embeddable":true,"href":"https:\/\/boerma.nl\/ja\/wp-json\/wp\/v2\/product_brand?post=30978"},{"taxonomy":"product_cat","embeddable":true,"href":"https:\/\/boerma.nl\/ja\/wp-json\/wp\/v2\/product_cat?post=30978"},{"taxonomy":"product_tag","embeddable":true,"href":"https:\/\/boerma.nl\/ja\/wp-json\/wp\/v2\/product_tag?post=30978"}],"curies":[{"name":"wp","href":"https:\/\/api.w.org\/{rel}","templated":true}]}}