{"id":31350,"date":"2024-11-21T12:33:50","date_gmt":"2024-11-21T11:33:50","guid":{"rendered":"https:\/\/boerma.nl\/product\/texture-color-masterclass-with-frederic-dupre\/"},"modified":"2026-05-01T03:42:19","modified_gmt":"2026-05-01T01:42:19","slug":"texture-color-masterclass-with-frederic-dupre","status":"publish","type":"product","link":"https:\/\/boerma.nl\/en\/product\/texture-color-masterclass-with-frederic-dupre\/","title":{"rendered":"Texture &#038; Color: Masterclass with Fr\u00e9d\u00e9ric Dupr\u00e9"},"content":{"rendered":"<div class=\"flex max-w-full flex-col flex-grow\">\n<div class=\"min-h-8 text-message flex w-full flex-col items-end gap-2 whitespace-normal break-words [.text-message+&amp;]:mt-5\" dir=\"auto\" data-message-author-role=\"assistant\" data-message-id=\"edc7c5f2-5a53-48b1-b521-677bcb842261\" data-message-model-slug=\"gpt-4o-mini\">\n<div class=\"flex w-full flex-col gap-1 empty:hidden first:pt-[3px]\">\n<div class=\"markdown prose w-full break-words dark:prose-invert light\">\n<h1 data-start=\"157\" data-end=\"222\"><strong data-start=\"159\" data-end=\"220\">Texture &amp; Color: 5-Day Masterclass by Fr\u00e9d\u00e9ric Dupr\u00e9<\/strong><\/h1>\n<p data-start=\"224\" data-end=\"606\">Discover the power of <strong>texture and color<\/strong> in this exclusive 5-day Masterclass with renowned French master florist <strong>Fr\u00e9d\u00e9ric Dupr\u00e9<\/strong>. During this intensive week, Fr\u00e9d\u00e9ric shares his in-depth theory and practical techniques, helping you elevate your floristry skills and develop a deeper appreciation for the role of texture and color in floral design.<\/p>\n<h3><strong>About <a href=\"https:\/\/www.instagram.com\/fredericdupreflorist\/\">Fr\u00e9d\u00e9ric Dupr\u00e9<\/a><\/strong><\/h3>\n<p>Fr\u00e9d\u00e9ric Dupr\u00e9, a French master florist, is celebrated for his exceptional ability to combine texture and color. Having taught masterclasses worldwide and earned numerous accolades, including the prestigious \u201cBest Craftsman in France\u201d (MOF), Fr\u00e9d\u00e9ric\u2019s work showcases unconventional materials and profound knowledge of floral composition. In this masterclass, Fr\u00e9d\u00e9ric<\/p>\n<figure id=\"attachment_29172\" aria-describedby=\"caption-attachment-29172\" style=\"width: 430px\" class=\"wp-caption alignnone\"><img loading=\"lazy\" decoding=\"async\" class=\"size-medium wp-image-29172\" src=\"https:\/\/boerma.nl\/wp-content\/uploads\/2023\/12\/370331430_1411443809802826_7315883335283337337_n-430x400.jpg\" alt=\"Texture Forward Wall Design by Fr\u00e9d\u00e9ric Dupr\u00e9\" width=\"430\" height=\"400\" srcset=\"https:\/\/boerma.nl\/wp-content\/uploads\/2023\/12\/370331430_1411443809802826_7315883335283337337_n-430x400.jpg 430w, https:\/\/boerma.nl\/wp-content\/uploads\/2023\/12\/370331430_1411443809802826_7315883335283337337_n-860x800.jpg 860w, https:\/\/boerma.nl\/wp-content\/uploads\/2023\/12\/370331430_1411443809802826_7315883335283337337_n-768x714.jpg 768w, https:\/\/boerma.nl\/wp-content\/uploads\/2023\/12\/370331430_1411443809802826_7315883335283337337_n-1536x1429.jpg 1536w, https:\/\/boerma.nl\/wp-content\/uploads\/2023\/12\/370331430_1411443809802826_7315883335283337337_n-510x474.jpg 510w, https:\/\/boerma.nl\/wp-content\/uploads\/2023\/12\/370331430_1411443809802826_7315883335283337337_n.jpg 1851w\" sizes=\"auto, (max-width: 430px) 100vw, 430px\" \/><figcaption id=\"caption-attachment-29172\" class=\"wp-caption-text\">Texture Forward Wall Design by Fr\u00e9d\u00e9ric Dupr\u00e9<\/figcaption><\/figure>\n<h2 data-start=\"1212\" data-end=\"1251\"><strong data-start=\"1215\" data-end=\"1249\">What You Will Learn in the Masterclass<\/strong><\/h2>\n<p data-start=\"1253\" data-end=\"1577\">During this <strong data-start=\"1266\" data-end=\"1301\">5-day intensive masterclass,<\/strong> you will develop in-depth knowledge and practical skills in texture and color for floral design. You will learn how to combine textures effectively to create harmony and depth, and how to apply colors to enhance emotion and atmosphere in your arrangements.<\/p>\n<p data-start=\"1579\" data-end=\"1784\">Fr\u00e9d\u00e9ric demonstrates how to use both botanical and non-botanical materials, how to combine color and texture, and how to create arrangements that are visually stunning and technically strong.<\/p>\n<h3 data-start=\"104\" data-end=\"155\"><strong data-start=\"108\" data-end=\"153\">Texture &amp; Color \u2013 June 29 to July 3, 2026<\/strong><\/h3>\n<p data-start=\"157\" data-end=\"621\">Throughout this 5-day masterclass, you will learn how to <strong data-start=\"206\" data-end=\"247\">combine texture and color<\/strong> to create harmony, depth, and emotion in your floral designs. The first days focus on <strong data-start=\"348\" data-end=\"359\">texture<\/strong>: Fr\u00e9d\u00e9ric demonstrates how to use botanical and non-botanical materials to develop both visual and tactile textures. Texture forms the foundation of every design and will help you refine your floral work and elevate it to the next level.<\/p>\n<p data-start=\"623\" data-end=\"1148\">The final days focus on <strong data-start=\"652\" data-end=\"661\">color<\/strong>: you will learn everything about color theory and its application in floral design. Color is the first visual impression of an arrangement and has the power to evoke emotions and set a mood. Fr\u00e9d\u00e9ric will teach you how to combine colors effectively, achieve harmony across color families, and how texture influences the impact of color. This combination develops a stronger artistic vision and allows you to create arrangements that are both technically and visually impressive.<\/p>\n<figure id=\"attachment_32000\" aria-describedby=\"caption-attachment-32000\" style=\"width: 393px\" class=\"wp-caption alignnone\"><img loading=\"lazy\" decoding=\"async\" class=\" wp-image-32000\" src=\"https:\/\/boerma.nl\/wp-content\/uploads\/2024\/11\/2024_Frederic_Dupre_Monochrome_Insta_Size_2_logo-320x400.jpg\" alt=\"Monochrome design by Fr\u00e9d\u00e9ric Dupr\u00e9 made during the Color Program\" width=\"393\" height=\"491\" srcset=\"https:\/\/boerma.nl\/wp-content\/uploads\/2024\/11\/2024_Frederic_Dupre_Monochrome_Insta_Size_2_logo-320x400.jpg 320w, https:\/\/boerma.nl\/wp-content\/uploads\/2024\/11\/2024_Frederic_Dupre_Monochrome_Insta_Size_2_logo-640x800.jpg 640w, https:\/\/boerma.nl\/wp-content\/uploads\/2024\/11\/2024_Frederic_Dupre_Monochrome_Insta_Size_2_logo-768x960.jpg 768w, https:\/\/boerma.nl\/wp-content\/uploads\/2024\/11\/2024_Frederic_Dupre_Monochrome_Insta_Size_2_logo-510x638.jpg 510w, https:\/\/boerma.nl\/wp-content\/uploads\/2024\/11\/2024_Frederic_Dupre_Monochrome_Insta_Size_2_logo.jpg 1080w\" sizes=\"auto, (max-width: 393px) 100vw, 393px\" \/><figcaption id=\"caption-attachment-32000\" class=\"wp-caption-text\">Monochrome design by Fr\u00e9d\u00e9ric Dupr\u00e9 made during the Color Program<\/figcaption><\/figure>\n<h3><strong>The Synergy Between Texture and Color<\/strong><\/h3>\n<p>By the last day, all elements come together. You will learn how knowledge of texture and color works in synergy to create a cohesive and visually striking design. This masterclass provides a unique opportunity to master these two powerful elements of floral composition.<\/p>\n<h2 data-start=\"2072\" data-end=\"2102\"><strong data-start=\"2075\" data-end=\"2100\">Practical Information<\/strong><\/h2>\n<p data-start=\"2104\" data-end=\"2213\"><strong data-start=\"2104\" data-end=\"2119\">Dates:<\/strong> June 29 \u2013 July 3, 2026<br data-start=\"2143\" data-end=\"2146\" \/><strong data-start=\"2146\" data-end=\"2161\">Duration:<\/strong> 5 days, from 09:00 to 17:00 (maximum until 18:30)<\/p>\n<p data-start=\"2215\" data-end=\"2236\"><strong data-start=\"2215\" data-end=\"2225\">Price:<\/strong> \u20ac1.450,-<\/p>\n<p data-start=\"2238\" data-end=\"2255\"><strong data-start=\"2238\" data-end=\"2253\">Included:<\/strong><\/p>\n<ul data-start=\"2256\" data-end=\"2424\">\n<li data-start=\"2256\" data-end=\"2320\">\n<p data-start=\"2258\" data-end=\"2320\">All materials required to create the arrangements<\/p>\n<\/li>\n<li data-start=\"2321\" data-end=\"2364\">\n<p data-start=\"2323\" data-end=\"2364\">Coffee, tea, and lunch during breaks<\/p>\n<\/li>\n<li data-start=\"2365\" data-end=\"2424\">\n<p data-start=\"2367\" data-end=\"2424\">Boerma Instituut certificate of participation (in English)<\/p>\n<\/li>\n<\/ul>\n<p data-start=\"2426\" data-end=\"2448\"><strong data-start=\"2426\" data-end=\"2446\">Not included:<\/strong><\/p>\n<ul>\n<li>Tools (bring your own pruning shears, floral knife, and wire cutters, available in our <a href=\"https:\/\/floraldesignsupplies.nl\/\">webshop<\/a>)<\/li>\n<li>Travel and accommodation costs<\/li>\n<\/ul>\n<h3><strong>Who Should Attend This Masterclass?<\/strong><\/h3>\n<p>This masterclass is designed for florists who already have a solid foundation in floral design and want to deepen their skills. We recommend completing at least the Basic Floral Design Course (Level 1) before attending this advanced masterclass.<\/p>\n<h2 data-start=\"2592\" data-end=\"2618\"><strong data-start=\"2595\" data-end=\"2616\">Why Participate?<\/strong><\/h2>\n<ul data-start=\"2620\" data-end=\"2969\">\n<li data-start=\"2620\" data-end=\"2670\">\n<p data-start=\"2622\" data-end=\"2670\">Learn from one of the best florists in the world<\/p>\n<\/li>\n<li data-start=\"2620\" data-end=\"2670\">\n<p data-start=\"2622\" data-end=\"2670\">Strengthen your artistic vision through the combination of texture and color<\/p>\n<\/li>\n<li data-start=\"2744\" data-end=\"2817\">\n<p data-start=\"2746\" data-end=\"2817\">Develop techniques that can be applied directly to your own arrangements<\/p>\n<\/li>\n<li data-start=\"2818\" data-end=\"2893\">\n<p data-start=\"2820\" data-end=\"2893\">Receive personal guidance and unique insights from Fr\u00e9d\u00e9ric Dupr\u00e9<\/p>\n<\/li>\n<li data-start=\"2894\" data-end=\"2969\">Create stunning floral designs that excel visually and technically<\/li>\n<\/ul>\n<h2 data-start=\"2976\" data-end=\"3002\"><strong data-start=\"2979\" data-end=\"3000\">Register Now!<\/strong><\/h2>\n<p data-start=\"3004\" data-end=\"3146\">Sign up for the <strong data-start=\"3026\" data-end=\"3066\">5-Day Texture &amp; Color Masterclass <\/strong>with Fr\u00e9d\u00e9ric Dupr\u00e9 and elevate your floral skills to the next level!<\/p>\n<\/div>\n<\/div>\n<\/div>\n<\/div>\n","protected":false},"excerpt":{"rendered":"<p data-start=\"4374\" data-end=\"4554\">Join the\u00a0<strong data-start=\"4383\" data-end=\"4422\">5-Day \u2018Texture &amp; Color\u2019 Masterclass<\/strong>\u00a0with Fr\u00e9d\u00e9ric Dupr\u00e9 and discover the secrets of texture and color in floral design. Elevate your floral skills to the next level!<\/p>\n<p data-start=\"4556\" data-end=\"4924\"><strong data-start=\"4556\" data-end=\"4573\">Key Features:<\/strong><br data-start=\"4573\" data-end=\"4576\" \/><img decoding=\"async\" class=\"emoji\" role=\"img\" draggable=\"false\" src=\"https:\/\/s.w.org\/images\/core\/emoji\/16.0.1\/svg\/2705.svg\" alt=\"\u2705\" \/>\u00a0<strong data-start=\"4578\" data-end=\"4602\">Learn from a Master:<\/strong> Instruction by Master Florist Fr\u00e9d\u00e9ric Dupr\u00e9.<br data-start=\"4675\" data-end=\"4678\" \/><img decoding=\"async\" class=\"emoji\" role=\"img\" draggable=\"false\" src=\"https:\/\/s.w.org\/images\/core\/emoji\/16.0.1\/svg\/2705.svg\" alt=\"\u2705\" \/>\u00a0<strong data-start=\"4680\" data-end=\"4700\">Texture &amp; Color:<\/strong>\u00a0In-depth focus on combining textures and applying color theory.<br data-start=\"4764\" data-end=\"4767\" \/><img decoding=\"async\" class=\"emoji\" role=\"img\" draggable=\"false\" src=\"https:\/\/s.w.org\/images\/core\/emoji\/16.0.1\/svg\/2705.svg\" alt=\"\u2705\" \/>\u00a0<strong data-start=\"4769\" data-end=\"4798\">For Experienced Florists:<\/strong>\u00a0Ideal for florists with basic knowledge of the craft.<br data-start=\"4852\" data-end=\"4855\" \/><img decoding=\"async\" class=\"emoji\" role=\"img\" draggable=\"false\" src=\"https:\/\/s.w.org\/images\/core\/emoji\/16.0.1\/svg\/2705.svg\" alt=\"\u2705\" \/>\u00a0<strong data-start=\"4857\" data-end=\"4875\">All-Inclusive:<\/strong> All materials, lunch, and coffee\/tea included.<\/p>\n","protected":false},"featured_media":26394,"comment_status":"open","ping_status":"closed","template":"","meta":{"jetpack_post_was_ever_published":false,"jetpack_publicize_message":"","jetpack_publicize_feature_enabled":true,"jetpack_social_post_already_shared":true,"jetpack_social_options":{"image_generator_settings":{"template":"highway","default_image_id":0,"font":"","enabled":false},"version":2}},"product_brand":[],"product_cat":[1117,1057,1077],"product_tag":[],"class_list":{"0":"post-31350","1":"product","2":"type-product","3":"status-publish","4":"has-post-thumbnail","6":"product_cat-flower-arrangement-courses","7":"product_cat-exclusive-courses","8":"product_cat-master-classes-en","10":"first","11":"instock","12":"purchasable","13":"product-type-variable"},"yoast_head":"<!-- This site is optimized with the Yoast SEO plugin v27.5 - https:\/\/yoast.com\/product\/yoast-seo-wordpress\/ -->\n<title>Texture &amp; Color: Masterclass with Fr\u00e9d\u00e9ric Dupr\u00e9 - Floral Design: Flower Arranging Courses in Holland<\/title>\n<meta name=\"description\" content=\"Texture &amp; Color: A Modular Masterclass by Fr\u00e9d\u00e9ric Dupr\u00e9. Learn the art of texture and color in floral design with Fr\u00e9d\u00e9ric Dupr\u00e9.\" \/>\n<meta name=\"robots\" content=\"index, follow, max-snippet:-1, max-image-preview:large, max-video-preview:-1\" \/>\n<link rel=\"canonical\" href=\"https:\/\/boerma.nl\/en\/product\/texture-color-masterclass-with-frederic-dupre\/\" \/>\n<meta property=\"og:locale\" content=\"en_US\" \/>\n<meta property=\"og:type\" content=\"article\" \/>\n<meta property=\"og:title\" content=\"Texture &amp; Color: Masterclass with Fr\u00e9d\u00e9ric Dupr\u00e9 - Floral Design: Flower Arranging Courses in Holland\" \/>\n<meta property=\"og:description\" content=\"Texture &amp; Color: A Modular Masterclass by Fr\u00e9d\u00e9ric Dupr\u00e9. Learn the art of texture and color in floral design with Fr\u00e9d\u00e9ric Dupr\u00e9.\" \/>\n<meta property=\"og:url\" content=\"https:\/\/boerma.nl\/en\/product\/texture-color-masterclass-with-frederic-dupre\/\" \/>\n<meta property=\"og:site_name\" content=\"Floral Design: Flower Arranging Courses in Holland\" \/>\n<meta property=\"article:modified_time\" content=\"2026-05-01T01:42:19+00:00\" \/>\n<meta property=\"og:image\" content=\"https:\/\/boerma.nl\/wp-content\/uploads\/2022\/12\/2021_Frederic_Form_Linear.jpg\" \/>\n\t<meta property=\"og:image:width\" content=\"1092\" \/>\n\t<meta property=\"og:image:height\" content=\"1080\" \/>\n\t<meta property=\"og:image:type\" content=\"image\/jpeg\" \/>\n<meta name=\"twitter:card\" content=\"summary_large_image\" \/>\n<meta name=\"twitter:label1\" content=\"Est. reading time\" \/>\n\t<meta name=\"twitter:data1\" content=\"4 minutes\" \/>\n<script type=\"application\/ld+json\" class=\"yoast-schema-graph\">{\"@context\":\"https:\\\/\\\/schema.org\",\"@graph\":[{\"@type\":\"WebPage\",\"@id\":\"https:\\\/\\\/boerma.nl\\\/en\\\/product\\\/texture-color-masterclass-with-frederic-dupre\\\/\",\"url\":\"https:\\\/\\\/boerma.nl\\\/en\\\/product\\\/texture-color-masterclass-with-frederic-dupre\\\/\",\"name\":\"Texture & Color: Masterclass with Fr\u00e9d\u00e9ric Dupr\u00e9 - Floral Design: Flower Arranging Courses in Holland\",\"isPartOf\":{\"@id\":\"https:\\\/\\\/boerma.nl\\\/en\\\/#website\"},\"primaryImageOfPage\":{\"@id\":\"https:\\\/\\\/boerma.nl\\\/en\\\/product\\\/texture-color-masterclass-with-frederic-dupre\\\/#primaryimage\"},\"image\":{\"@id\":\"https:\\\/\\\/boerma.nl\\\/en\\\/product\\\/texture-color-masterclass-with-frederic-dupre\\\/#primaryimage\"},\"thumbnailUrl\":\"https:\\\/\\\/boerma.nl\\\/wp-content\\\/uploads\\\/2022\\\/12\\\/2021_Frederic_Form_Linear.jpg\",\"datePublished\":\"2024-11-21T11:33:50+00:00\",\"dateModified\":\"2026-05-01T01:42:19+00:00\",\"description\":\"Texture & Color: A Modular Masterclass by Fr\u00e9d\u00e9ric Dupr\u00e9. Learn the art of texture and color in floral design with Fr\u00e9d\u00e9ric Dupr\u00e9.\",\"breadcrumb\":{\"@id\":\"https:\\\/\\\/boerma.nl\\\/en\\\/product\\\/texture-color-masterclass-with-frederic-dupre\\\/#breadcrumb\"},\"inLanguage\":\"en-US\",\"potentialAction\":[{\"@type\":\"ReadAction\",\"target\":[\"https:\\\/\\\/boerma.nl\\\/en\\\/product\\\/texture-color-masterclass-with-frederic-dupre\\\/\"]}]},{\"@type\":\"ImageObject\",\"inLanguage\":\"en-US\",\"@id\":\"https:\\\/\\\/boerma.nl\\\/en\\\/product\\\/texture-color-masterclass-with-frederic-dupre\\\/#primaryimage\",\"url\":\"https:\\\/\\\/boerma.nl\\\/wp-content\\\/uploads\\\/2022\\\/12\\\/2021_Frederic_Form_Linear.jpg\",\"contentUrl\":\"https:\\\/\\\/boerma.nl\\\/wp-content\\\/uploads\\\/2022\\\/12\\\/2021_Frederic_Form_Linear.jpg\",\"width\":1092,\"height\":1080,\"caption\":\"Master Class by Frederic Dupre\"},{\"@type\":\"BreadcrumbList\",\"@id\":\"https:\\\/\\\/boerma.nl\\\/en\\\/product\\\/texture-color-masterclass-with-frederic-dupre\\\/#breadcrumb\",\"itemListElement\":[{\"@type\":\"ListItem\",\"position\":1,\"name\":\"Home\",\"item\":\"https:\\\/\\\/boerma.nl\\\/en\\\/\"},{\"@type\":\"ListItem\",\"position\":2,\"name\":\"Products\",\"item\":\"https:\\\/\\\/boerma.nl\\\/en\\\/shop\\\/\"},{\"@type\":\"ListItem\",\"position\":3,\"name\":\"Texture &#038; Color: Masterclass with Fr\u00e9d\u00e9ric Dupr\u00e9\"}]},{\"@type\":\"WebSite\",\"@id\":\"https:\\\/\\\/boerma.nl\\\/en\\\/#website\",\"url\":\"https:\\\/\\\/boerma.nl\\\/en\\\/\",\"name\":\"Floral Design: Flower Arranging Courses in Holland\",\"description\":\"Boerma Instituut is a Floral Design School teaching European &amp; Dutch style Flower Arranging close to Amsterdam\",\"potentialAction\":[{\"@type\":\"SearchAction\",\"target\":{\"@type\":\"EntryPoint\",\"urlTemplate\":\"https:\\\/\\\/boerma.nl\\\/en\\\/?s={search_term_string}\"},\"query-input\":{\"@type\":\"PropertyValueSpecification\",\"valueRequired\":true,\"valueName\":\"search_term_string\"}}],\"inLanguage\":\"en-US\"}]}<\/script>\n<!-- \/ Yoast SEO plugin. -->","yoast_head_json":{"title":"Texture & Color: Masterclass with Fr\u00e9d\u00e9ric Dupr\u00e9 - Floral Design: Flower Arranging Courses in Holland","description":"Texture & Color: A Modular Masterclass by Fr\u00e9d\u00e9ric Dupr\u00e9. Learn the art of texture and color in floral design with Fr\u00e9d\u00e9ric Dupr\u00e9.","robots":{"index":"index","follow":"follow","max-snippet":"max-snippet:-1","max-image-preview":"max-image-preview:large","max-video-preview":"max-video-preview:-1"},"canonical":"https:\/\/boerma.nl\/en\/product\/texture-color-masterclass-with-frederic-dupre\/","og_locale":"en_US","og_type":"article","og_title":"Texture & Color: Masterclass with Fr\u00e9d\u00e9ric Dupr\u00e9 - Floral Design: Flower Arranging Courses in Holland","og_description":"Texture & Color: A Modular Masterclass by Fr\u00e9d\u00e9ric Dupr\u00e9. Learn the art of texture and color in floral design with Fr\u00e9d\u00e9ric Dupr\u00e9.","og_url":"https:\/\/boerma.nl\/en\/product\/texture-color-masterclass-with-frederic-dupre\/","og_site_name":"Floral Design: Flower Arranging Courses in Holland","article_modified_time":"2026-05-01T01:42:19+00:00","og_image":[{"width":1092,"height":1080,"url":"https:\/\/boerma.nl\/wp-content\/uploads\/2022\/12\/2021_Frederic_Form_Linear.jpg","type":"image\/jpeg"}],"twitter_card":"summary_large_image","twitter_misc":{"Est. reading time":"4 minutes"},"schema":{"@context":"https:\/\/schema.org","@graph":[{"@type":"WebPage","@id":"https:\/\/boerma.nl\/en\/product\/texture-color-masterclass-with-frederic-dupre\/","url":"https:\/\/boerma.nl\/en\/product\/texture-color-masterclass-with-frederic-dupre\/","name":"Texture & Color: Masterclass with Fr\u00e9d\u00e9ric Dupr\u00e9 - Floral Design: Flower Arranging Courses in Holland","isPartOf":{"@id":"https:\/\/boerma.nl\/en\/#website"},"primaryImageOfPage":{"@id":"https:\/\/boerma.nl\/en\/product\/texture-color-masterclass-with-frederic-dupre\/#primaryimage"},"image":{"@id":"https:\/\/boerma.nl\/en\/product\/texture-color-masterclass-with-frederic-dupre\/#primaryimage"},"thumbnailUrl":"https:\/\/boerma.nl\/wp-content\/uploads\/2022\/12\/2021_Frederic_Form_Linear.jpg","datePublished":"2024-11-21T11:33:50+00:00","dateModified":"2026-05-01T01:42:19+00:00","description":"Texture & Color: A Modular Masterclass by Fr\u00e9d\u00e9ric Dupr\u00e9. Learn the art of texture and color in floral design with Fr\u00e9d\u00e9ric Dupr\u00e9.","breadcrumb":{"@id":"https:\/\/boerma.nl\/en\/product\/texture-color-masterclass-with-frederic-dupre\/#breadcrumb"},"inLanguage":"en-US","potentialAction":[{"@type":"ReadAction","target":["https:\/\/boerma.nl\/en\/product\/texture-color-masterclass-with-frederic-dupre\/"]}]},{"@type":"ImageObject","inLanguage":"en-US","@id":"https:\/\/boerma.nl\/en\/product\/texture-color-masterclass-with-frederic-dupre\/#primaryimage","url":"https:\/\/boerma.nl\/wp-content\/uploads\/2022\/12\/2021_Frederic_Form_Linear.jpg","contentUrl":"https:\/\/boerma.nl\/wp-content\/uploads\/2022\/12\/2021_Frederic_Form_Linear.jpg","width":1092,"height":1080,"caption":"Master Class by Frederic Dupre"},{"@type":"BreadcrumbList","@id":"https:\/\/boerma.nl\/en\/product\/texture-color-masterclass-with-frederic-dupre\/#breadcrumb","itemListElement":[{"@type":"ListItem","position":1,"name":"Home","item":"https:\/\/boerma.nl\/en\/"},{"@type":"ListItem","position":2,"name":"Products","item":"https:\/\/boerma.nl\/en\/shop\/"},{"@type":"ListItem","position":3,"name":"Texture &#038; Color: Masterclass with Fr\u00e9d\u00e9ric Dupr\u00e9"}]},{"@type":"WebSite","@id":"https:\/\/boerma.nl\/en\/#website","url":"https:\/\/boerma.nl\/en\/","name":"Floral Design: Flower Arranging Courses in Holland","description":"Boerma Instituut is a Floral Design School teaching European &amp; Dutch style Flower Arranging close to Amsterdam","potentialAction":[{"@type":"SearchAction","target":{"@type":"EntryPoint","urlTemplate":"https:\/\/boerma.nl\/en\/?s={search_term_string}"},"query-input":{"@type":"PropertyValueSpecification","valueRequired":true,"valueName":"search_term_string"}}],"inLanguage":"en-US"}]}},"jetpack_publicize_connections":[],"jetpack_sharing_enabled":true,"_links":{"self":[{"href":"https:\/\/boerma.nl\/en\/wp-json\/wp\/v2\/product\/31350","targetHints":{"allow":["GET"]}}],"collection":[{"href":"https:\/\/boerma.nl\/en\/wp-json\/wp\/v2\/product"}],"about":[{"href":"https:\/\/boerma.nl\/en\/wp-json\/wp\/v2\/types\/product"}],"replies":[{"embeddable":true,"href":"https:\/\/boerma.nl\/en\/wp-json\/wp\/v2\/comments?post=31350"}],"wp:featuredmedia":[{"embeddable":true,"href":"https:\/\/boerma.nl\/en\/wp-json\/wp\/v2\/media\/26394"}],"wp:attachment":[{"href":"https:\/\/boerma.nl\/en\/wp-json\/wp\/v2\/media?parent=31350"}],"wp:term":[{"taxonomy":"product_brand","embeddable":true,"href":"https:\/\/boerma.nl\/en\/wp-json\/wp\/v2\/product_brand?post=31350"},{"taxonomy":"product_cat","embeddable":true,"href":"https:\/\/boerma.nl\/en\/wp-json\/wp\/v2\/product_cat?post=31350"},{"taxonomy":"product_tag","embeddable":true,"href":"https:\/\/boerma.nl\/en\/wp-json\/wp\/v2\/product_tag?post=31350"}],"curies":[{"name":"wp","href":"https:\/\/api.w.org\/{rel}","templated":true}]}}